{"id":9604,"date":"2023-09-14T13:31:58","date_gmt":"2023-09-14T11:31:58","guid":{"rendered":"https:\/\/dagyvintage.com\/?post_type=product&#038;p=9604"},"modified":"2024-07-10T10:40:34","modified_gmt":"2024-07-10T08:40:34","slug":"gucci","status":"publish","type":"product","link":"https:\/\/dagyvintage.com\/it\/negozio\/gucci\/","title":{"rendered":"CARDIGAN 90% CASHMERE"},"content":{"rendered":"","protected":false},"excerpt":{"rendered":"<p>Splendido cardigan Gucci anni '80. Colore beige caldo. Sul davanti \u00e8 presente il disegno con le due GG, mentre il retro e le maniche non hanno logo. Chiusura frontale con bottoni. La composizione del maglione \u00e8 90% cashmere e 10% lana. Considerata l'et\u00e0 \u00e8 in ottime condizioni. Non sono presenti buchi, fili tirati o macchie.<\/p>\n<p>MISURE<\/p>\n<ul>\n<li>LUNGHEZZA : 55 CM<\/li>\n<li>SPALLE : 39 CM<\/li>\n<li>TORACE : 51 CM<\/li>\n<li>LUNGHEZZA MANICHE : 63 CM<\/li>\n<\/ul>","protected":false},"featured_media":9605,"template":"","meta":[],"pwb-brand":[184],"product_cat":[68,218,69,72],"product_tag":[],"brands":[{"id":184,"name":"GUCCI","slug":"gucci"}],"_links":{"self":[{"href":"https:\/\/dagyvintage.com\/it\/wp-json\/wp\/v2\/product\/9604"}],"collection":[{"href":"https:\/\/dagyvintage.com\/it\/wp-json\/wp\/v2\/product"}],"about":[{"href":"https:\/\/dagyvintage.com\/it\/wp-json\/wp\/v2\/types\/product"}],"wp:featuredmedia":[{"embeddable":true,"href":"https:\/\/dagyvintage.com\/it\/wp-json\/wp\/v2\/media\/9605"}],"wp:attachment":[{"href":"https:\/\/dagyvintage.com\/it\/wp-json\/wp\/v2\/media?parent=9604"}],"wp:term":[{"taxonomy":"pwb-brand","embeddable":true,"href":"https:\/\/dagyvintage.com\/it\/wp-json\/wp\/v2\/pwb-brand?post=9604"},{"taxonomy":"product_cat","embeddable":true,"href":"https:\/\/dagyvintage.com\/it\/wp-json\/wp\/v2\/product_cat?post=9604"},{"taxonomy":"product_tag","embeddable":true,"href":"https:\/\/dagyvintage.com\/it\/wp-json\/wp\/v2\/product_tag?post=9604"}],"curies":[{"name":"wp","href":"https:\/\/api.w.org\/{rel}","templated":true}]}}