{"id":29244,"date":"2026-03-31T19:25:02","date_gmt":"2026-03-31T17:25:02","guid":{"rendered":"https:\/\/dagyvintage.com\/?post_type=product&#038;p=29244"},"modified":"2026-04-11T16:14:30","modified_gmt":"2026-04-11T14:14:30","slug":"stampa-les-canyons-etoiles","status":"publish","type":"product","link":"https:\/\/dagyvintage.com\/it\/negozio\/stampa-les-canyons-etoiles\/","title":{"rendered":"STAMPA LES CANYONS \u00c8TOIL\u00c8S"},"content":{"rendered":"","protected":false},"excerpt":{"rendered":"<p>Foulard di Herm\u00e8s misura 55&#215;55 in seta base grigia e bianca. In ottime condizioni, nulla da segnalare. Completo di scatola.<\/p>\n<p>MISURE<\/p>\n<ul>\n<li>ALTEZZA : 55 CM<\/li>\n<li>LUNGHEZZA : 55 CM<\/li>\n<\/ul>","protected":false},"featured_media":29250,"template":"","meta":[],"pwb-brand":[196],"product_cat":[68,90,94],"product_tag":[],"brands":[{"id":196,"name":"HERM\u00c8S","slug":"hermes"}],"_links":{"self":[{"href":"https:\/\/dagyvintage.com\/it\/wp-json\/wp\/v2\/product\/29244"}],"collection":[{"href":"https:\/\/dagyvintage.com\/it\/wp-json\/wp\/v2\/product"}],"about":[{"href":"https:\/\/dagyvintage.com\/it\/wp-json\/wp\/v2\/types\/product"}],"wp:featuredmedia":[{"embeddable":true,"href":"https:\/\/dagyvintage.com\/it\/wp-json\/wp\/v2\/media\/29250"}],"wp:attachment":[{"href":"https:\/\/dagyvintage.com\/it\/wp-json\/wp\/v2\/media?parent=29244"}],"wp:term":[{"taxonomy":"pwb-brand","embeddable":true,"href":"https:\/\/dagyvintage.com\/it\/wp-json\/wp\/v2\/pwb-brand?post=29244"},{"taxonomy":"product_cat","embeddable":true,"href":"https:\/\/dagyvintage.com\/it\/wp-json\/wp\/v2\/product_cat?post=29244"},{"taxonomy":"product_tag","embeddable":true,"href":"https:\/\/dagyvintage.com\/it\/wp-json\/wp\/v2\/product_tag?post=29244"}],"curies":[{"name":"wp","href":"https:\/\/api.w.org\/{rel}","templated":true}]}}