{"id":27610,"date":"2026-02-09T19:25:12","date_gmt":"2026-02-09T18:25:12","guid":{"rendered":"https:\/\/dagyvintage.com\/?post_type=product&#038;p=27610"},"modified":"2026-02-25T13:19:02","modified_gmt":"2026-02-25T12:19:02","slug":"marmont-edizione-limitata","status":"publish","type":"product","link":"https:\/\/dagyvintage.com\/it\/negozio\/marmont-edizione-limitata\/","title":{"rendered":"MARMONT EDIZIONE LIMITATA"},"content":{"rendered":"","protected":false},"excerpt":{"rendered":"<p>Borsa di Gucci modello Marmont Edizione Limitata in velluto colore rosa lampone e metalleria ottone. Applicazioni tridimensionali e ricami di fiori. La catena \u00e8 scorrevole perci\u00f2 si pu\u00f2 indossare sia a spalla che a tracolla. In ottime condizioni, nulla da segnale. Completa di dustebag e scatola.<\/p>\n<p>Nel prezzo \u00e8 incluso il certificato di autenticit\u00e0 Entrupy.<\/p>\n<p>MISURE<\/p>\n<ul>\n<li>ALTEZZA : 2o CM<\/li>\n<li>LUNGHEZZA : 30 CM<\/li>\n<li>PROFONDIT\u00c0: 7 CM<\/li>\n<li>LUNGHEZZA TRACOLLA : 69\/112 CM<\/li>\n<\/ul>","protected":false},"featured_media":27672,"template":"","meta":[],"pwb-brand":[184],"product_cat":[303,218],"product_tag":[],"brands":[{"id":184,"name":"GUCCI","slug":"gucci"}],"_links":{"self":[{"href":"https:\/\/dagyvintage.com\/it\/wp-json\/wp\/v2\/product\/27610"}],"collection":[{"href":"https:\/\/dagyvintage.com\/it\/wp-json\/wp\/v2\/product"}],"about":[{"href":"https:\/\/dagyvintage.com\/it\/wp-json\/wp\/v2\/types\/product"}],"wp:featuredmedia":[{"embeddable":true,"href":"https:\/\/dagyvintage.com\/it\/wp-json\/wp\/v2\/media\/27672"}],"wp:attachment":[{"href":"https:\/\/dagyvintage.com\/it\/wp-json\/wp\/v2\/media?parent=27610"}],"wp:term":[{"taxonomy":"pwb-brand","embeddable":true,"href":"https:\/\/dagyvintage.com\/it\/wp-json\/wp\/v2\/pwb-brand?post=27610"},{"taxonomy":"product_cat","embeddable":true,"href":"https:\/\/dagyvintage.com\/it\/wp-json\/wp\/v2\/product_cat?post=27610"},{"taxonomy":"product_tag","embeddable":true,"href":"https:\/\/dagyvintage.com\/it\/wp-json\/wp\/v2\/product_tag?post=27610"}],"curies":[{"name":"wp","href":"https:\/\/api.w.org\/{rel}","templated":true}]}}