{"id":23924,"date":"2025-10-01T18:00:33","date_gmt":"2025-10-01T16:00:33","guid":{"rendered":"https:\/\/dagyvintage.com\/?post_type=product&#038;p=23924"},"modified":"2025-10-21T08:46:55","modified_gmt":"2025-10-21T06:46:55","slug":"in-pelle-nera","status":"publish","type":"product","link":"https:\/\/dagyvintage.com\/it\/negozio\/in-pelle-nera\/","title":{"rendered":"IN PELLE NERA"},"content":{"rendered":"","protected":false},"excerpt":{"rendered":"<p>Borsa di Miu Miu in pelle nera matelass\u00e9 e dettagli in metallo oro. La borsa si pu\u00f2 indossare comodamente a tracolla. In ottime condizioni generai, da segnalare metalleria della tracolla leggermente pi\u00f9 opaca, probabilmente \u00e8 stata cambiata (vedi foto), il prezzo ne tiene conto.<\/p>\n<p>MISURE<\/p>\n<ul>\n<li>ALTEZZA : 14 CM<\/li>\n<li>LUNGHEZZA : 19 CM<\/li>\n<li>PROFONDIT\u00c0: 8 CM<\/li>\n<li>LUNGHEZZA TRACOLLA : 108 CM<\/li>\n<\/ul>","protected":false},"featured_media":23925,"template":"","meta":[],"pwb-brand":[269],"product_cat":[303],"product_tag":[],"brands":[{"id":269,"name":"MIU MIU","slug":"miu-miu"}],"_links":{"self":[{"href":"https:\/\/dagyvintage.com\/it\/wp-json\/wp\/v2\/product\/23924"}],"collection":[{"href":"https:\/\/dagyvintage.com\/it\/wp-json\/wp\/v2\/product"}],"about":[{"href":"https:\/\/dagyvintage.com\/it\/wp-json\/wp\/v2\/types\/product"}],"wp:featuredmedia":[{"embeddable":true,"href":"https:\/\/dagyvintage.com\/it\/wp-json\/wp\/v2\/media\/23925"}],"wp:attachment":[{"href":"https:\/\/dagyvintage.com\/it\/wp-json\/wp\/v2\/media?parent=23924"}],"wp:term":[{"taxonomy":"pwb-brand","embeddable":true,"href":"https:\/\/dagyvintage.com\/it\/wp-json\/wp\/v2\/pwb-brand?post=23924"},{"taxonomy":"product_cat","embeddable":true,"href":"https:\/\/dagyvintage.com\/it\/wp-json\/wp\/v2\/product_cat?post=23924"},{"taxonomy":"product_tag","embeddable":true,"href":"https:\/\/dagyvintage.com\/it\/wp-json\/wp\/v2\/product_tag?post=23924"}],"curies":[{"name":"wp","href":"https:\/\/api.w.org\/{rel}","templated":true}]}}