{"id":23873,"date":"2025-09-28T18:01:09","date_gmt":"2025-09-28T16:01:09","guid":{"rendered":"https:\/\/dagyvintage.com\/?post_type=product&#038;p=23873"},"modified":"2025-10-04T14:10:33","modified_gmt":"2025-10-04T12:10:33","slug":"le-5-a-7","status":"publish","type":"product","link":"https:\/\/dagyvintage.com\/it\/negozio\/le-5-a-7\/","title":{"rendered":"LE 5 \u00c0 7"},"content":{"rendered":"","protected":false},"excerpt":{"rendered":"<p>Borsa di YSL modello Le 5 \u00e0 7 in pelle nera e hardware oro, misura piccola. La si pu\u00f2 indossare comodamente a spalla. In condizioni pari al nuovo. Completa della sua dust bag.<\/p>\n<p style=\"font-weight: 400;\">Nel prezzo \u00e8 incluso il certificato di autenticit\u00e0 Entrupy.<\/p>\n<p style=\"font-weight: 400;\">MISURE<\/p>\n<ul style=\"font-weight: 400;\">\n<li>ALTEZZA : 22 CM<\/li>\n<li>LUNGHEZZA : 23 CM<\/li>\n<li>PROFONDIT\u00c0: 10 CM<\/li>\n<li>LUNGHEZZA MANICO : 44\/50 CM<\/li>\n<\/ul>","protected":false},"featured_media":23880,"template":"","meta":[],"pwb-brand":[201],"product_cat":[303],"product_tag":[],"brands":[{"id":201,"name":"YSL","slug":"ysl"}],"_links":{"self":[{"href":"https:\/\/dagyvintage.com\/it\/wp-json\/wp\/v2\/product\/23873"}],"collection":[{"href":"https:\/\/dagyvintage.com\/it\/wp-json\/wp\/v2\/product"}],"about":[{"href":"https:\/\/dagyvintage.com\/it\/wp-json\/wp\/v2\/types\/product"}],"wp:featuredmedia":[{"embeddable":true,"href":"https:\/\/dagyvintage.com\/it\/wp-json\/wp\/v2\/media\/23880"}],"wp:attachment":[{"href":"https:\/\/dagyvintage.com\/it\/wp-json\/wp\/v2\/media?parent=23873"}],"wp:term":[{"taxonomy":"pwb-brand","embeddable":true,"href":"https:\/\/dagyvintage.com\/it\/wp-json\/wp\/v2\/pwb-brand?post=23873"},{"taxonomy":"product_cat","embeddable":true,"href":"https:\/\/dagyvintage.com\/it\/wp-json\/wp\/v2\/product_cat?post=23873"},{"taxonomy":"product_tag","embeddable":true,"href":"https:\/\/dagyvintage.com\/it\/wp-json\/wp\/v2\/product_tag?post=23873"}],"curies":[{"name":"wp","href":"https:\/\/api.w.org\/{rel}","templated":true}]}}