{"id":22619,"date":"2025-07-12T13:50:08","date_gmt":"2025-07-12T11:50:08","guid":{"rendered":"https:\/\/dagyvintage.com\/?post_type=product&#038;p=22619"},"modified":"2025-07-17T17:50:49","modified_gmt":"2025-07-17T15:50:49","slug":"le-coeur-model","status":"publish","type":"product","link":"https:\/\/dagyvintage.com\/it\/negozio\/le-coeur-model\/","title":{"rendered":"MODELLO LE C\u0152UR"},"content":{"rendered":"","protected":false},"excerpt":{"rendered":"<p>Borsa di Ala\u00efa, modello Le C\u0152UR, a forma di cuore. In pelle liscia colore nero, metallaria argento. La borsa ha una tracolla regolabile tramite i nodini scorrevoli. In ottime condizioni, nulla da segnalare. Completa della sua dust bag originale.\u00a0<\/p>\n<p>MISURE<\/p>\n<ul>\n<li>ALTEZZA : 19 CM<\/li>\n<li>LUNGHEZZA : 21 CM<\/li>\n<li>PROFONDIT\u00c0 : 2 CM<\/li>\n<li>LUNGHEZZA TRACOLLA : 71\/132 CM<\/li>\n<\/ul>","protected":false},"featured_media":22620,"template":"","meta":[],"pwb-brand":[307],"product_cat":[303],"product_tag":[],"brands":[{"id":307,"name":"ALA\u00cfA","slug":"alaia"}],"_links":{"self":[{"href":"https:\/\/dagyvintage.com\/it\/wp-json\/wp\/v2\/product\/22619"}],"collection":[{"href":"https:\/\/dagyvintage.com\/it\/wp-json\/wp\/v2\/product"}],"about":[{"href":"https:\/\/dagyvintage.com\/it\/wp-json\/wp\/v2\/types\/product"}],"wp:featuredmedia":[{"embeddable":true,"href":"https:\/\/dagyvintage.com\/it\/wp-json\/wp\/v2\/media\/22620"}],"wp:attachment":[{"href":"https:\/\/dagyvintage.com\/it\/wp-json\/wp\/v2\/media?parent=22619"}],"wp:term":[{"taxonomy":"pwb-brand","embeddable":true,"href":"https:\/\/dagyvintage.com\/it\/wp-json\/wp\/v2\/pwb-brand?post=22619"},{"taxonomy":"product_cat","embeddable":true,"href":"https:\/\/dagyvintage.com\/it\/wp-json\/wp\/v2\/product_cat?post=22619"},{"taxonomy":"product_tag","embeddable":true,"href":"https:\/\/dagyvintage.com\/it\/wp-json\/wp\/v2\/product_tag?post=22619"}],"curies":[{"name":"wp","href":"https:\/\/api.w.org\/{rel}","templated":true}]}}