{"id":21398,"date":"2025-05-28T18:58:25","date_gmt":"2025-05-28T16:58:25","guid":{"rendered":"https:\/\/dagyvintage.com\/?post_type=product&#038;p=21398"},"modified":"2025-07-02T15:29:16","modified_gmt":"2025-07-02T13:29:16","slug":"metis-monogram-model-2","status":"publish","type":"product","link":"https:\/\/dagyvintage.com\/it\/negozio\/metis-monogram-model-2\/","title":{"rendered":"MODELLO METIS MONOGRAM"},"content":{"rendered":"","protected":false},"excerpt":{"rendered":"<p>Uno dei modelli di borsa di Louis Vuitton pi\u00f9 apprezzato, M\u00e9tis in tela monogram e dettagli in vacchetta. La borsa pu\u00f2 essere indossata sia mano che con la sua tracolla regolabile. In ottime condizioni generali, da segnalare la vacchetta d'orata, un processo naturale della pelle, e la parte metallica leggermente graffiata (vedi foto).\u00a0Nel prezzo \u00e8 incluso il certificato di autenticit\u00e0 Entrupy.\u00a0<\/p>\n<p>MISURE<\/p>\n<ul>\n<li>ALTEZZA : 19 CM<\/li>\n<li>LUNGHEZZA : 25 CM<\/li>\n<li>PROFONDIT\u00c0 : 7 CM<\/li>\n<li>LUNGHEZZA MANICO : 19 CM<\/li>\n<li>LUNGHEZZA TRACOLLA : 110\/125 CM<\/li>\n<\/ul>","protected":false},"featured_media":21493,"template":"","meta":[],"pwb-brand":[182],"product_cat":[303],"product_tag":[],"brands":[{"id":182,"name":"LOUIS VUITTON","slug":"louis-vuitton"}],"_links":{"self":[{"href":"https:\/\/dagyvintage.com\/it\/wp-json\/wp\/v2\/product\/21398"}],"collection":[{"href":"https:\/\/dagyvintage.com\/it\/wp-json\/wp\/v2\/product"}],"about":[{"href":"https:\/\/dagyvintage.com\/it\/wp-json\/wp\/v2\/types\/product"}],"wp:featuredmedia":[{"embeddable":true,"href":"https:\/\/dagyvintage.com\/it\/wp-json\/wp\/v2\/media\/21493"}],"wp:attachment":[{"href":"https:\/\/dagyvintage.com\/it\/wp-json\/wp\/v2\/media?parent=21398"}],"wp:term":[{"taxonomy":"pwb-brand","embeddable":true,"href":"https:\/\/dagyvintage.com\/it\/wp-json\/wp\/v2\/pwb-brand?post=21398"},{"taxonomy":"product_cat","embeddable":true,"href":"https:\/\/dagyvintage.com\/it\/wp-json\/wp\/v2\/product_cat?post=21398"},{"taxonomy":"product_tag","embeddable":true,"href":"https:\/\/dagyvintage.com\/it\/wp-json\/wp\/v2\/product_tag?post=21398"}],"curies":[{"name":"wp","href":"https:\/\/api.w.org\/{rel}","templated":true}]}}