{"id":21159,"date":"2025-05-14T14:19:03","date_gmt":"2025-05-14T12:19:03","guid":{"rendered":"https:\/\/dagyvintage.com\/?post_type=product&#038;p=21159"},"modified":"2025-12-17T20:04:52","modified_gmt":"2025-12-17T19:04:52","slug":"re-nylon-with-pockets","status":"publish","type":"product","link":"https:\/\/dagyvintage.com\/it\/negozio\/re-nylon-with-pockets\/","title":{"rendered":"RE NYLON WITH POCKETS"},"content":{"rendered":"","protected":false},"excerpt":{"rendered":"<p>Borsa di Prada della collezione Re Nylon e dettagli in pelle spazzolata, colore beige. Si pu\u00f2 indossare sia a spalla che a tracolla la qualche \u00e8 regolabile. Condizioni pari al nuovo, nulla da segnalare. Completa di dust bag e cartellini. Nel prezzo \u00e8 incluso il certificato di autenticit\u00e0 Entrupy.<\/p>\n<p>MISURE<\/p>\n<ul>\n<li>ALTEZZA : 14 CM<\/li>\n<li>LUNGHEZZA : 24 CM<\/li>\n<li>PROFONDIT\u00c0 : 7 CM<\/li>\n<li>LUNGHEZZA TRACOLLA : 82\/109 CM<\/li>\n<\/ul>","protected":false},"featured_media":21161,"template":"","meta":[],"pwb-brand":[183],"product_cat":[68,84,86,87],"product_tag":[],"brands":[{"id":183,"name":"PRADA","slug":"prada"}],"_links":{"self":[{"href":"https:\/\/dagyvintage.com\/it\/wp-json\/wp\/v2\/product\/21159"}],"collection":[{"href":"https:\/\/dagyvintage.com\/it\/wp-json\/wp\/v2\/product"}],"about":[{"href":"https:\/\/dagyvintage.com\/it\/wp-json\/wp\/v2\/types\/product"}],"wp:featuredmedia":[{"embeddable":true,"href":"https:\/\/dagyvintage.com\/it\/wp-json\/wp\/v2\/media\/21161"}],"wp:attachment":[{"href":"https:\/\/dagyvintage.com\/it\/wp-json\/wp\/v2\/media?parent=21159"}],"wp:term":[{"taxonomy":"pwb-brand","embeddable":true,"href":"https:\/\/dagyvintage.com\/it\/wp-json\/wp\/v2\/pwb-brand?post=21159"},{"taxonomy":"product_cat","embeddable":true,"href":"https:\/\/dagyvintage.com\/it\/wp-json\/wp\/v2\/product_cat?post=21159"},{"taxonomy":"product_tag","embeddable":true,"href":"https:\/\/dagyvintage.com\/it\/wp-json\/wp\/v2\/product_tag?post=21159"}],"curies":[{"name":"wp","href":"https:\/\/api.w.org\/{rel}","templated":true}]}}