{"id":19899,"date":"2025-03-24T19:33:01","date_gmt":"2025-03-24T18:33:01","guid":{"rendered":"https:\/\/dagyvintage.com\/?post_type=product&#038;p=19899"},"modified":"2025-04-02T18:09:57","modified_gmt":"2025-04-02T16:09:57","slug":"east-west-model","status":"publish","type":"product","link":"https:\/\/dagyvintage.com\/it\/negozio\/east-west-model\/","title":{"rendered":"MODELLO EAST WEST"},"content":{"rendered":"","protected":false},"excerpt":{"rendered":"<p>Borsa di Dior, modello East West in pelle nera con impunture a contrasto bianche. Metalleria oro opaco. La borsa si pu\u00f2 indossare a spalla. Internamente \u00e8 foderata in tessuto logo oblique. Dotata della carta identificativa. Ottime condizioni, nulla da segnalare. Nel prezzo \u00e8 incluso il certificato Entrupy.<\/p>\n<p>MISURE<\/p>\n<ul>\n<li>ALTEZZA : 18 CM<\/li>\n<li>LUNGHEZZA : 35 CM<\/li>\n<li>PROFONDIT\u00c0 : 9 CM<\/li>\n<li>LUNGHEZZA MANICI : 44 CM<\/li>\n<\/ul>","protected":false},"featured_media":19912,"template":"","meta":[],"pwb-brand":[190],"product_cat":[303],"product_tag":[],"brands":[{"id":190,"name":"DIOR","slug":"dior"}],"_links":{"self":[{"href":"https:\/\/dagyvintage.com\/it\/wp-json\/wp\/v2\/product\/19899"}],"collection":[{"href":"https:\/\/dagyvintage.com\/it\/wp-json\/wp\/v2\/product"}],"about":[{"href":"https:\/\/dagyvintage.com\/it\/wp-json\/wp\/v2\/types\/product"}],"wp:featuredmedia":[{"embeddable":true,"href":"https:\/\/dagyvintage.com\/it\/wp-json\/wp\/v2\/media\/19912"}],"wp:attachment":[{"href":"https:\/\/dagyvintage.com\/it\/wp-json\/wp\/v2\/media?parent=19899"}],"wp:term":[{"taxonomy":"pwb-brand","embeddable":true,"href":"https:\/\/dagyvintage.com\/it\/wp-json\/wp\/v2\/pwb-brand?post=19899"},{"taxonomy":"product_cat","embeddable":true,"href":"https:\/\/dagyvintage.com\/it\/wp-json\/wp\/v2\/product_cat?post=19899"},{"taxonomy":"product_tag","embeddable":true,"href":"https:\/\/dagyvintage.com\/it\/wp-json\/wp\/v2\/product_tag?post=19899"}],"curies":[{"name":"wp","href":"https:\/\/api.w.org\/{rel}","templated":true}]}}