{"id":19202,"date":"2025-02-18T20:12:08","date_gmt":"2025-02-18T19:12:08","guid":{"rendered":"https:\/\/dagyvintage.com\/?post_type=product&#038;p=19202"},"modified":"2025-03-23T18:35:22","modified_gmt":"2025-03-23T17:35:22","slug":"le-5-a-7-croco","status":"publish","type":"product","link":"https:\/\/dagyvintage.com\/it\/negozio\/le-5-a-7-croco\/","title":{"rendered":"LE 5 A 7 CROCO"},"content":{"rendered":"","protected":false},"excerpt":{"rendered":"<p>Uno dei modelli pi\u00f9 richiesti di Yves Saint Laurent modello Le 5 a 7 in pelle nera effetto Croco. Dettagli in metallo oro. Internamente la borsa \u00e8 foderata in pelle scamosciata marrone. Si pu\u00f2 indossare a spalla. Venduta con la sua dust bag originale. Nuova mai stata indossata. Nel prezzo \u00e8 incluso il certificato Entrupy.<\/p>\n<p>MISURE<\/p>\n<ul>\n<li>ALTEZZA : 15 CM<\/li>\n<li>LUNGHEZZA : 25 CM<\/li>\n<li>PROFONDI\u00c0 : 6 CM<\/li>\n<li>LUNGHEZZA MANICO : 47\/54 CM<\/li>\n<\/ul>","protected":false},"featured_media":19204,"template":"","meta":[],"pwb-brand":[201],"product_cat":[303],"product_tag":[],"brands":[{"id":201,"name":"YSL","slug":"ysl"}],"_links":{"self":[{"href":"https:\/\/dagyvintage.com\/it\/wp-json\/wp\/v2\/product\/19202"}],"collection":[{"href":"https:\/\/dagyvintage.com\/it\/wp-json\/wp\/v2\/product"}],"about":[{"href":"https:\/\/dagyvintage.com\/it\/wp-json\/wp\/v2\/types\/product"}],"wp:featuredmedia":[{"embeddable":true,"href":"https:\/\/dagyvintage.com\/it\/wp-json\/wp\/v2\/media\/19204"}],"wp:attachment":[{"href":"https:\/\/dagyvintage.com\/it\/wp-json\/wp\/v2\/media?parent=19202"}],"wp:term":[{"taxonomy":"pwb-brand","embeddable":true,"href":"https:\/\/dagyvintage.com\/it\/wp-json\/wp\/v2\/pwb-brand?post=19202"},{"taxonomy":"product_cat","embeddable":true,"href":"https:\/\/dagyvintage.com\/it\/wp-json\/wp\/v2\/product_cat?post=19202"},{"taxonomy":"product_tag","embeddable":true,"href":"https:\/\/dagyvintage.com\/it\/wp-json\/wp\/v2\/product_tag?post=19202"}],"curies":[{"name":"wp","href":"https:\/\/api.w.org\/{rel}","templated":true}]}}