{"id":18527,"date":"2025-01-26T19:23:35","date_gmt":"2025-01-26T18:23:35","guid":{"rendered":"https:\/\/dagyvintage.com\/?post_type=product&#038;p=18527"},"modified":"2026-03-03T17:40:37","modified_gmt":"2026-03-03T16:40:37","slug":"luaggage-phantom-leather-model","status":"publish","type":"product","link":"https:\/\/dagyvintage.com\/it\/negozio\/luaggage-phantom-leather-model\/","title":{"rendered":"MODELLO LUAGGAGE PHANTOM IN PELLE"},"content":{"rendered":"","protected":false},"excerpt":{"rendered":"<p>Meravigliosa ed iconica borsa di Celine in pelle nera con stampa effetto Coccodrillo, modello Luggage Phantom. Si pu\u00f2 indossare a braccio. Internamente \u00e8 rivestita in pelle scamosciata nera. La borsa \u00e8 un modello particolare e fuori produzione, infatti il logo \u00e8 presente solamente all\u2019interno della borsa. Venduta con i cartellini originali. Nel prezzo \u00e8 incluso il certificato di autenticit\u00e0 Entrupy.<\/p>\n<p>MISURE<\/p>\n<ul>\n<li>ALTEZZA : 27 CM<\/li>\n<li>LUNGHEZZA ALLA BASE : 31 CM<\/li>\n<li>LUNGHEZZA MASSIMA : 55 CM<\/li>\n<li>PROFONDIT\u00c0 : 24 CM<\/li>\n<li>LUNGHEZZA MANICI : 44 CM<\/li>\n<\/ul>","protected":false},"featured_media":18528,"template":"","meta":[],"pwb-brand":[231],"product_cat":[68,84,85],"product_tag":[],"brands":[{"id":231,"name":"C\u00c8LINE","slug":"celine"}],"_links":{"self":[{"href":"https:\/\/dagyvintage.com\/it\/wp-json\/wp\/v2\/product\/18527"}],"collection":[{"href":"https:\/\/dagyvintage.com\/it\/wp-json\/wp\/v2\/product"}],"about":[{"href":"https:\/\/dagyvintage.com\/it\/wp-json\/wp\/v2\/types\/product"}],"wp:featuredmedia":[{"embeddable":true,"href":"https:\/\/dagyvintage.com\/it\/wp-json\/wp\/v2\/media\/18528"}],"wp:attachment":[{"href":"https:\/\/dagyvintage.com\/it\/wp-json\/wp\/v2\/media?parent=18527"}],"wp:term":[{"taxonomy":"pwb-brand","embeddable":true,"href":"https:\/\/dagyvintage.com\/it\/wp-json\/wp\/v2\/pwb-brand?post=18527"},{"taxonomy":"product_cat","embeddable":true,"href":"https:\/\/dagyvintage.com\/it\/wp-json\/wp\/v2\/product_cat?post=18527"},{"taxonomy":"product_tag","embeddable":true,"href":"https:\/\/dagyvintage.com\/it\/wp-json\/wp\/v2\/product_tag?post=18527"}],"curies":[{"name":"wp","href":"https:\/\/api.w.org\/{rel}","templated":true}]}}