{"id":17616,"date":"2024-12-06T19:01:44","date_gmt":"2024-12-06T18:01:44","guid":{"rendered":"https:\/\/dagyvintage.com\/?post_type=product&#038;p=17616"},"modified":"2024-12-06T19:01:44","modified_gmt":"2024-12-06T18:01:44","slug":"wool-coat-with-cape","status":"publish","type":"product","link":"https:\/\/dagyvintage.com\/it\/negozio\/wool-coat-with-cape\/","title":{"rendered":"CAPPOTTO IN LANA CON CAPPA"},"content":{"rendered":"","protected":false},"excerpt":{"rendered":"<p>Meraviglioso cappotto di YSL degli anni '80. In pura lana vergine c olore nero. Doppio petto con cintua in vita regolabile. Bellissimo dettaglio della cappa che pu\u00f2 essere rimossa (vedi foto) danco cosi al capo una doppia funzione una pi\u00f9 elegante una pi\u00f9 casual. Ottieme condizioni. Taglia ripostata 36 francesce consigliata ad una 42 italiana.<\/p>\n<p>MISURE<\/p>\n<ul>\n<li>LUNGHEZZA : 111 CM<\/li>\n<li>SPALLE : 42 CM<\/li>\n<li>TORACE : 49 CM<\/li>\n<li>LUNGHEZZA MANICHE : 57 CM<\/li>\n<\/ul>","protected":false},"featured_media":17618,"template":"","meta":[],"pwb-brand":[201],"product_cat":[68,69,74],"product_tag":[],"brands":[{"id":201,"name":"YSL","slug":"ysl"}],"_links":{"self":[{"href":"https:\/\/dagyvintage.com\/it\/wp-json\/wp\/v2\/product\/17616"}],"collection":[{"href":"https:\/\/dagyvintage.com\/it\/wp-json\/wp\/v2\/product"}],"about":[{"href":"https:\/\/dagyvintage.com\/it\/wp-json\/wp\/v2\/types\/product"}],"wp:featuredmedia":[{"embeddable":true,"href":"https:\/\/dagyvintage.com\/it\/wp-json\/wp\/v2\/media\/17618"}],"wp:attachment":[{"href":"https:\/\/dagyvintage.com\/it\/wp-json\/wp\/v2\/media?parent=17616"}],"wp:term":[{"taxonomy":"pwb-brand","embeddable":true,"href":"https:\/\/dagyvintage.com\/it\/wp-json\/wp\/v2\/pwb-brand?post=17616"},{"taxonomy":"product_cat","embeddable":true,"href":"https:\/\/dagyvintage.com\/it\/wp-json\/wp\/v2\/product_cat?post=17616"},{"taxonomy":"product_tag","embeddable":true,"href":"https:\/\/dagyvintage.com\/it\/wp-json\/wp\/v2\/product_tag?post=17616"}],"curies":[{"name":"wp","href":"https:\/\/api.w.org\/{rel}","templated":true}]}}