{"id":12897,"date":"2024-01-15T17:46:55","date_gmt":"2024-01-15T16:46:55","guid":{"rendered":"https:\/\/dagyvintage.com\/?post_type=product&#038;p=12897"},"modified":"2024-02-17T10:37:13","modified_gmt":"2024-02-17T09:37:13","slug":"light-wool-coat","status":"publish","type":"product","link":"https:\/\/dagyvintage.com\/it\/negozio\/light-wool-coat\/","title":{"rendered":"CAPPOTTO LEGGERO IN LANA"},"content":{"rendered":"","protected":false},"excerpt":{"rendered":"<p>Cappotto di Brunello Cucinelli. Purtroppo l'etichetta della composizione con il lavaggio si \u00e8 sbiadita. Molto probabilmente il capo \u00e8 in lana leggera, forse misto cotone. Bellissima trama del tessuto effetto m\u00e9lange sui toni del grigio. Internamente il capo \u00e8 sfoderato, presenta solo un carr\u00e8 interno in cotone dove \u00e8 presente l'etichetta del brand. Oltre questa \u00e8 presenta anche un'etichetta di personalizzazione del capo con il nome \"Luciana\" che pu\u00f2 essere facilmente rimossa. Esternamente il capo presenta dettagli di impunture che seguono le forme del corpo. Vestibilit\u00e0 abbastanza dritta. Chiusura monopetto con dei bottoni. Taglia riportata 44 italiana, veste regolare. Condizioni ottime, nulla da segnalare.\u00a0<\/p>\n<p>MISURE<\/p>\n<ul>\n<li>LUNGHEZZA : 92 CM<\/li>\n<li>SPALLE : 41 CM<\/li>\n<li>TORACE : 49 CM<\/li>\n<li>LUNGHEZZA MANICHE : 62 CM<\/li>\n<\/ul>","protected":false},"featured_media":12899,"template":"","meta":[],"pwb-brand":[236],"product_cat":[68,69,74],"product_tag":[],"brands":[{"id":236,"name":"BRUNELLO CUCINELLI","slug":"brunello-cucinelli"}],"_links":{"self":[{"href":"https:\/\/dagyvintage.com\/it\/wp-json\/wp\/v2\/product\/12897"}],"collection":[{"href":"https:\/\/dagyvintage.com\/it\/wp-json\/wp\/v2\/product"}],"about":[{"href":"https:\/\/dagyvintage.com\/it\/wp-json\/wp\/v2\/types\/product"}],"wp:featuredmedia":[{"embeddable":true,"href":"https:\/\/dagyvintage.com\/it\/wp-json\/wp\/v2\/media\/12899"}],"wp:attachment":[{"href":"https:\/\/dagyvintage.com\/it\/wp-json\/wp\/v2\/media?parent=12897"}],"wp:term":[{"taxonomy":"pwb-brand","embeddable":true,"href":"https:\/\/dagyvintage.com\/it\/wp-json\/wp\/v2\/pwb-brand?post=12897"},{"taxonomy":"product_cat","embeddable":true,"href":"https:\/\/dagyvintage.com\/it\/wp-json\/wp\/v2\/product_cat?post=12897"},{"taxonomy":"product_tag","embeddable":true,"href":"https:\/\/dagyvintage.com\/it\/wp-json\/wp\/v2\/product_tag?post=12897"}],"curies":[{"name":"wp","href":"https:\/\/api.w.org\/{rel}","templated":true}]}}