{"id":12627,"date":"2023-12-14T14:56:03","date_gmt":"2023-12-14T13:56:03","guid":{"rendered":"https:\/\/dagyvintage.com\/?post_type=product&#038;p=12627"},"modified":"2024-02-17T10:42:11","modified_gmt":"2024-02-17T09:42:11","slug":"herringbone-coat","status":"publish","type":"product","link":"https:\/\/dagyvintage.com\/it\/negozio\/herringbone-coat\/","title":{"rendered":"CAPPOTTO CON TRAMA A SPINA DI PESCE"},"content":{"rendered":"","protected":false},"excerpt":{"rendered":"<p>Cappotto di Esprit. In tessuto misto acrilico con la trama a spina da pesce,\u00a0chiamata anche armatura a saia spezzata. Colore tra bianco, grigio e nero. Forna dritta ma grazie ad una cintura il capo pu\u00f2 essere stretto in vita creando cosi una forma pi\u00f9 femminile. Chiusura monopetto con dei bottoni di plastica. In capo internamente \u00e8 foderato con un tessuto nero. Taglia riportata 44 italiana, veste regolare. Condizioni ottime, nulla da segnalare.\u00a0<\/p>\n<p>MISURE<\/p>\n<ul>\n<li>LUNGHEZZA : 79 CM<\/li>\n<li>SPALLE : 42 CM<\/li>\n<li>TORACE : 51 CM<\/li>\n<li>LUNGHEZZA MANICHE : 63 CM<\/li>\n<\/ul>","protected":false},"featured_media":12628,"template":"","meta":[],"pwb-brand":[274],"product_cat":[68,69,74],"product_tag":[],"brands":[{"id":274,"name":"ESPRIT","slug":"esprit"}],"_links":{"self":[{"href":"https:\/\/dagyvintage.com\/it\/wp-json\/wp\/v2\/product\/12627"}],"collection":[{"href":"https:\/\/dagyvintage.com\/it\/wp-json\/wp\/v2\/product"}],"about":[{"href":"https:\/\/dagyvintage.com\/it\/wp-json\/wp\/v2\/types\/product"}],"wp:featuredmedia":[{"embeddable":true,"href":"https:\/\/dagyvintage.com\/it\/wp-json\/wp\/v2\/media\/12628"}],"wp:attachment":[{"href":"https:\/\/dagyvintage.com\/it\/wp-json\/wp\/v2\/media?parent=12627"}],"wp:term":[{"taxonomy":"pwb-brand","embeddable":true,"href":"https:\/\/dagyvintage.com\/it\/wp-json\/wp\/v2\/pwb-brand?post=12627"},{"taxonomy":"product_cat","embeddable":true,"href":"https:\/\/dagyvintage.com\/it\/wp-json\/wp\/v2\/product_cat?post=12627"},{"taxonomy":"product_tag","embeddable":true,"href":"https:\/\/dagyvintage.com\/it\/wp-json\/wp\/v2\/product_tag?post=12627"}],"curies":[{"name":"wp","href":"https:\/\/api.w.org\/{rel}","templated":true}]}}