{"id":11901,"date":"2023-11-02T17:36:23","date_gmt":"2023-11-02T16:36:23","guid":{"rendered":"https:\/\/dagyvintage.com\/?post_type=product&#038;p=11901"},"modified":"2024-02-17T10:57:45","modified_gmt":"2024-02-17T09:57:45","slug":"maxco-pendent-earrings","status":"publish","type":"product","link":"https:\/\/dagyvintage.com\/it\/negozio\/maxco-pendent-earrings\/","title":{"rendered":"ORECCHINI PENDENTI"},"content":{"rendered":"","protected":false},"excerpt":{"rendered":"<p>Bellissimi orecchini pendenti di Max&amp;Co linea pi\u00f9 giovane di Max Mara. In metallo leggero nichel free color oro. Forma particolare, composti da una parte pi\u00f9 lunga di 10 centimetri ed una pi\u00f9 corta di 8 centimetri. Chiusura a perno. Mai stati indossati, venduti con la sua scatola originale.\u00a0<\/p>\n<p>MISURE<\/p>\n<ul>\n<li>LUNGHEZZA : 8\/10 CM<\/li>\n<\/ul>","protected":false},"featured_media":11902,"template":"","meta":[],"pwb-brand":[262],"product_cat":[68,97],"product_tag":[],"brands":[{"id":262,"name":"MAX&amp;CO","slug":"maxco"}],"_links":{"self":[{"href":"https:\/\/dagyvintage.com\/it\/wp-json\/wp\/v2\/product\/11901"}],"collection":[{"href":"https:\/\/dagyvintage.com\/it\/wp-json\/wp\/v2\/product"}],"about":[{"href":"https:\/\/dagyvintage.com\/it\/wp-json\/wp\/v2\/types\/product"}],"wp:featuredmedia":[{"embeddable":true,"href":"https:\/\/dagyvintage.com\/it\/wp-json\/wp\/v2\/media\/11902"}],"wp:attachment":[{"href":"https:\/\/dagyvintage.com\/it\/wp-json\/wp\/v2\/media?parent=11901"}],"wp:term":[{"taxonomy":"pwb-brand","embeddable":true,"href":"https:\/\/dagyvintage.com\/it\/wp-json\/wp\/v2\/pwb-brand?post=11901"},{"taxonomy":"product_cat","embeddable":true,"href":"https:\/\/dagyvintage.com\/it\/wp-json\/wp\/v2\/product_cat?post=11901"},{"taxonomy":"product_tag","embeddable":true,"href":"https:\/\/dagyvintage.com\/it\/wp-json\/wp\/v2\/product_tag?post=11901"}],"curies":[{"name":"wp","href":"https:\/\/api.w.org\/{rel}","templated":true}]}}