{"id":10542,"date":"2023-10-08T17:16:03","date_gmt":"2023-10-08T15:16:03","guid":{"rendered":"https:\/\/dagyvintage.com\/?post_type=product&#038;p=10542"},"modified":"2024-02-17T11:47:39","modified_gmt":"2024-02-17T10:47:39","slug":"emporio-arman-silk-and-acetate-top","status":"publish","type":"product","link":"https:\/\/dagyvintage.com\/it\/negozio\/emporio-arman-silk-and-acetate-top\/","title":{"rendered":"TOP IN SETA E ACETATO"},"content":{"rendered":"","protected":false},"excerpt":{"rendered":"<p>Top di Emporio Armani, seconda linea. Tessuto 67 % acetato e 33 % seta. Colore bianco panna con profili sul collo neri a contrasto. Chiusura sul dietro con la zip. Il top \u00e8 foderato internamente da un strato sottile di seta, ci\u00f2 previene la trasparenza visto il colore. Taglia riportata 44 italiana, vestibilit\u00e0 morbida. Condizioni ottime, nulla da segnalare.\u00a0<\/p>\n<p>MISURE<\/p>\n<ul>\n<li>LUNGHEZZA : 59 CM<\/li>\n<li>SPALLE : 44 CM<\/li>\n<li>TORACE : 50 CM<\/li>\n<\/ul>","protected":false},"featured_media":10546,"template":"","meta":[],"pwb-brand":[240],"product_cat":[68,69,70],"product_tag":[],"brands":[{"id":240,"name":"EMPORIO ARMANI","slug":"emporio-armani"}],"_links":{"self":[{"href":"https:\/\/dagyvintage.com\/it\/wp-json\/wp\/v2\/product\/10542"}],"collection":[{"href":"https:\/\/dagyvintage.com\/it\/wp-json\/wp\/v2\/product"}],"about":[{"href":"https:\/\/dagyvintage.com\/it\/wp-json\/wp\/v2\/types\/product"}],"wp:featuredmedia":[{"embeddable":true,"href":"https:\/\/dagyvintage.com\/it\/wp-json\/wp\/v2\/media\/10546"}],"wp:attachment":[{"href":"https:\/\/dagyvintage.com\/it\/wp-json\/wp\/v2\/media?parent=10542"}],"wp:term":[{"taxonomy":"pwb-brand","embeddable":true,"href":"https:\/\/dagyvintage.com\/it\/wp-json\/wp\/v2\/pwb-brand?post=10542"},{"taxonomy":"product_cat","embeddable":true,"href":"https:\/\/dagyvintage.com\/it\/wp-json\/wp\/v2\/product_cat?post=10542"},{"taxonomy":"product_tag","embeddable":true,"href":"https:\/\/dagyvintage.com\/it\/wp-json\/wp\/v2\/product_tag?post=10542"}],"curies":[{"name":"wp","href":"https:\/\/api.w.org\/{rel}","templated":true}]}}